{"id":1132,"date":"2024-06-17T11:59:29","date_gmt":"2024-06-17T10:59:29","guid":{"rendered":"https:\/\/ergeagroup.com\/de\/unsere-ambulanten-praxen-2\/"},"modified":"2026-01-20T12:08:51","modified_gmt":"2026-01-20T12:08:51","slug":"unsere-ambulanten-praxen","status":"publish","type":"page","link":"https:\/\/ergeagroup.com\/de\/de\/unsere-ambulanten-praxen\/","title":{"rendered":"unsere ambulanten Praxen"},"content":{"rendered":"\n\n\t<span><span><a href=\"https:\/\/ergeagroup.com\/de\/de\/\">Home<\/a><\/span><\/span>\n\t<h1>Unsere ambulanten Praxen<\/h1>\n\t<p>Alle unsere Praxen verfolgen das Ziel, durch fachliche Exzellenz und den Einsatz modernster Medizintechnik die bestm\u00f6glichen Ergebnisse f\u00fcr unsere Patienten zu erzielen. Unser Leistungsangebot umfasst die Strahlentherapie, die internistische Onkologie und die diagnostische Bildgebung &#8211; somit gew\u00e4hrleisten wir eine umfassende Versorgung der uns anvertrauten Patienten.<\/p>\n\t<h2>Unsere strahlentherapeutischen Praxen<\/h2>\n\t<p><a href=\"http:\/\/www.radioonkologienetzwerk.com\/\">Das RadioOnkologieNetzwerk<\/a>\u00a0umfasst 21 strahlentherapeutische Praxen, die den Patienten und Mitarbeitern Spitzenmedizin in modernen R\u00e4umlichkeiten und die Vorteile einer vernetzten Verbundstruktur mit modernster Hochpr\u00e4zisions-Technologie sowie eine gro\u00dfe fachliche Expertise anbieten.<\/p>\n<p>In unseren Standorten werden komplexeste Tumorerkrankungen mit hoher Pr\u00e4zision und nach den neusten klinischen Standards behandelt. Dabei setzen wir modernste Technologien ein, darunter die intensit\u00e4tsmodulierte Strahlentherapie (IMRT), die bildgef\u00fchrte Strahlentherapie Bestrahlung (IGRT), die Stereotaxie und die Atemstillstandtechnik. Eine unserer Einrichtungen bietet die Behandlung mittels CyberKnife an, einer der fortschrittlichsten nicht-invasiven radiochirurgischen Behandlung von Tumoren und anderen Erkrankungen.<\/p>\n\t<h3>Baden-W\u00fcrttemberg<\/h3>\n\t<h3>Saxony-Anhalt<\/h3>\n\t<h3>Niedersachsen<\/h3>\n\t<h3>Hessen<\/h3>\n\t<h3>Nordrhein-Westfalen<\/h3>\n\t<h3>Bayern<\/h3>\n\t<h2>Unsere Praxen f\u00fcr bildgebende Diagnostik<\/h2>\n\t<p>Aktuell sind zwei unserer Standorte auf die bildgebende Diagnostik, z. B. im Bereich Magnetresonanztomographie (MR) und Nuklearmedizin spezialisiert. Wir werden diesen Bereich zuk\u00fcnftig weiter auszubauen, um unserem umfassenden Anspruch in der Diagnostik und Therapie von Patienten gerecht zu werden.<\/p>\n\t<h2>Unsere Praxen f\u00fcr Innere Medizin und Onkologie<\/h2>\n\t<p>Diese Praxen sind auf die Behandlung von Patienten mit onkologischen und h\u00e4matologischen Erkrankungen spezialisiert. Neben der Chemo- und Immuntherapie bieten wir Unterst\u00fctzung bei der Schmerzbehandlung und psychologischen Betreuung und k\u00fcmmern uns um alle anderen potenziellen Gesundheitsprobleme im Zusammenhang mit der diagnostizierten Krankheit.<\/p>\n\t<h2>Unser Krankenhaus<\/h2>\n\t<p>Unser Krankenhaus bietet ein umfassendes Spektrum an medizinischen Leistungen, darunter Innere Medizin, Allgemein- und Viszeralchirurgie, Unfallchirurgie und Orthop\u00e4die sowie An\u00e4sthesie und Intensivmedizin.<\/p>\n\t<h2>Unsere chirurgische Praxis<\/h2>\n\t\t\t\t\t\t<figure>\n\t\t\t\t\t\t\t<img loading=\"lazy\" decoding=\"async\" src=\"https:\/\/ergeagroup.com\/de\/wp-content\/uploads\/sites\/3\/2023\/06\/raw-127-min-1-500x334.jpg\" alt=\"\" width=\"500\" height=\"334\" \/>\n\t\t\t\t\t\t\t\t\t\t\t\t\t<\/figure>\n\t\t\t\t\t\t<figure>\n\t\t\t\t\t\t\t<img loading=\"lazy\" decoding=\"async\" src=\"https:\/\/ergeagroup.com\/de\/wp-content\/uploads\/sites\/3\/2023\/06\/iStock-1397058906-min-1-500x334.jpg\" alt=\"\" width=\"500\" height=\"334\" \/>\n\t\t\t\t\t\t\t\t\t\t\t\t\t<\/figure>\n\t\t\t\t\t\t<figure>\n\t\t\t\t\t\t\t<img loading=\"lazy\" decoding=\"async\" src=\"https:\/\/ergeagroup.com\/de\/wp-content\/uploads\/sites\/3\/2023\/06\/raw-815-min-1-500x334.jpg\" alt=\"\" width=\"500\" height=\"334\" \/>\n\t\t\t\t\t\t\t\t\t\t\t\t\t<\/figure>\n\t<h2>Zus\u00e4tzliche Dienstleistungen f\u00fcr Krankenh\u00e4user und Praxen<\/h2>\n\t<p>Wir kennen die Herausforderungen, mit denen sich Krankenh\u00e4user und Praxen in der Bereitstellung einer modernen Gesundheitsversorgung konfrontiert sehen. Indem wir unser Wissen und unsere F\u00e4higkeiten aus unseren aktuellen Aktivit\u00e4ten und aus der gesamten Erg\u00e9a-Gruppe nutzen, k\u00f6nnen wir einzigartige Dienstleistungen anbieten, die die Anwendung der Medizintechnik in der Strahlentherapie, Nuklearmedizin, Radiologie, Endoskopie und anderen klinischen Modalit\u00e4ten unterst\u00fctzen.<\/p>\n\t\t\t<a href=\"https:\/\/ergeagroup.com\/de\/de\/kontakt\/\" target=\"_self\">\n\t\t\t\t\t\t\tKontaktieren Sie uns und erfahren Sie mehr\n\t\t\t<\/a>\n\n","protected":false},"excerpt":{"rendered":"<p>Unsere ambulanten Praxen Alle unsere Praxen verfolgen das Ziel, durch fachliche Exzellenz und den Einsatz modernster Medizintechnik die bestm\u00f6glichen Ergebnisse f\u00fcr unsere Patienten zu erzielen. Unser Leistungsangebot umfasst die Strahlentherapie, die internistische Onkologie und die diagnostische Bildgebung &#8211; somit gew\u00e4hrleisten wir eine umfassende Versorgung der uns anvertrauten Patienten. Unsere strahlentherapeutischen Praxen Das RadioOnkologieNetzwerk\u00a0umfasst 21 strahlentherapeutische&hellip;<\/p>\n","protected":false},"author":13,"featured_media":0,"parent":0,"menu_order":0,"comment_status":"closed","ping_status":"closed","template":"","meta":{"_acf_changed":false,"content-type":"","footnotes":""},"class_list":["post-1132","page","type-page","status-publish","hentry"],"acf":[],"_links":{"self":[{"href":"https:\/\/ergeagroup.com\/de\/de\/wp-json\/wp\/v2\/pages\/1132","targetHints":{"allow":["GET"]}}],"collection":[{"href":"https:\/\/ergeagroup.com\/de\/de\/wp-json\/wp\/v2\/pages"}],"about":[{"href":"https:\/\/ergeagroup.com\/de\/de\/wp-json\/wp\/v2\/types\/page"}],"author":[{"embeddable":true,"href":"https:\/\/ergeagroup.com\/de\/de\/wp-json\/wp\/v2\/users\/13"}],"replies":[{"embeddable":true,"href":"https:\/\/ergeagroup.com\/de\/de\/wp-json\/wp\/v2\/comments?post=1132"}],"version-history":[{"count":0,"href":"https:\/\/ergeagroup.com\/de\/de\/wp-json\/wp\/v2\/pages\/1132\/revisions"}],"wp:attachment":[{"href":"https:\/\/ergeagroup.com\/de\/de\/wp-json\/wp\/v2\/media?parent=1132"}],"curies":[{"name":"wp","href":"https:\/\/api.w.org\/{rel}","templated":true}]}}