{"id":711,"date":"2023-06-21T15:21:01","date_gmt":"2023-06-21T14:21:01","guid":{"rendered":"https:\/\/ergeagroup.com\/de\/?page_id=711"},"modified":"2025-06-03T12:49:00","modified_gmt":"2025-06-03T11:49:00","slug":"imprint","status":"publish","type":"page","link":"https:\/\/ergeagroup.com\/de\/imprint\/","title":{"rendered":"Imprint"},"content":{"rendered":"\n\n\t<span><span><a href=\"https:\/\/ergeagroup.com\/de\/\">Home<\/a><\/span><\/span>\n\t<h1>Imprint<\/h1>\n\t<p><strong>Imprint<\/strong><\/p>\n<p>&nbsp;<\/p>\n<p>Provider according to \u00a7 5 Telemediengesetz (TMG)<\/p>\n<p>&nbsp;<\/p>\n<p>Erg\u00e9a Group Deutschland GmbH<\/p>\n<p>Wilhelmstrasse 67<\/p>\n<p>73433 Aalen<\/p>\n<p>Tel: +49 (0)7361 8166760<\/p>\n<p>E-Mail: contact@radioonkologienetzwerk.com<\/p>\n<p>&nbsp;<\/p>\n<p>VAT ID according to \u00a7 27a Umsatzsteuergesetz: DE348528046<\/p>\n<p>&nbsp;<\/p>\n<p>Registered office of the company Aalen &#8211; registered at Amtsgericht Ulm HRB 746293<\/p>\n<p>Management authorised to represent the company: Bj\u00f6rn D\u00e9card<\/p>\n<p>&nbsp;<\/p>\n<p><strong>Terms of use<\/strong><\/p>\n<p>&nbsp;<\/p>\n<p>This website www.ergeagroup.com (the &#8220;Site&#8221;) is an on-line information service provided by Erg\u00e9a Group Sarl (&#8220;Erg\u00e9a&#8221;, &#8220;us&#8221; or &#8220;we&#8221;). Use of the Site is governed by these terms and conditions.<\/p>\n<br \/>\nThe content of the Site (including, but not limited to all data, notices, artworks, press releases, photographs, videos, and news related to Erg\u00e9a and affiliated companies) is owned by Erg\u00e9a or by companies controlled by Erg\u00e9a. Therefore, you may not reproduce, modify, copy, transfer, download or use in any way any part of the Site without our permission. You may download and\/or print any part of the Site for private purposes only.\n<ol>\n<li>The logos and trademarks found on this Site are owned by Erg\u00e9a and\/or companies controlled by Erg\u00e9a, and cannot be used on other media or any other website without prior written consent by Erg\u00e9a or by the partner companies who own them.<\/li>\n<li>We allow other websites to contain links to our Site, provided they specify that these are links towards www.ergeagroup.com.<\/li>\n<li>The Site gives users ample access to information concerning Erg\u00e9a ventures and services. This information is provided in good faith and in the belief that it will be accurate and up-to-date. We make no representations or warranties, express or implied, as to the accuracy or completeness of the information provided on this website and disclaim any liability for the use of this website. Erg\u00e9a Group may change this website at any time without notice but does not assume any responsibility to update it.<\/li>\n<\/ol>\n<p>You agree that all access and use of this website is at your own risk. Neither Erg\u00e9a Group nor any other party involved in creating, producing or delivering this website shall be liable in any manner whatsoever for any direct, incidental, consequential, indirect or punitive damages arising out of your access, use or inability to use this website or any website linked to from this site, or any errors or omissions in the content thereof. This website contains information on products and services which is targeted to a wide range of audiences and could contain product details or information otherwise not accessible, valid or authorize in your country. Please be aware that Erg\u00e9a Group does not take any responsibility for accessing such information which may not comply with any legal process, regulation, registration or usage in the country of your origin.<\/p>\n<ol>\n<li>The information does in no case constitute a professional or legal assessment. For specific advice, please consult a licensed professional.<\/li>\n<li>We are not responsible for the accuracy and completeness of the information found on the Site, especially when such information is general in nature, or when its derives from hypertext links to third-party websites, on which Erg\u00e9a has no control. We are also not responsible for the use of the Site&#8217;s content by third parties, or for possible corruptions due to unsecured access or connection and to the downloading of material or computer programs from this Site.<\/li>\n<li>We will do our best to minimize breakdowns due to technical issues. However, part of the data or information present on the Site may have been inserted in archives or come in formats not free from errors. We therefore make no guarantees that service will not be interrupted or in any other way affected. Erg\u00e9a is not responsible for issues arising from the use of our Site or of the websites connected to it.<\/li>\n<\/ol>\n\n","protected":false},"excerpt":{"rendered":"<p>Imprint Imprint &nbsp; Provider according to \u00a7 5 Telemediengesetz (TMG) &nbsp; Erg\u00e9a Group Deutschland GmbH Wilhelmstrasse 67 73433 Aalen Tel: +49 (0)7361 8166760 E-Mail: contact@radioonkologienetzwerk.com &nbsp; VAT ID according to \u00a7 27a Umsatzsteuergesetz: DE348528046 &nbsp; Registered office of the company Aalen &#8211; registered at Amtsgericht Ulm HRB 746293 Management authorised to represent the company: Bj\u00f6rn&hellip;<\/p>\n","protected":false},"author":1,"featured_media":0,"parent":0,"menu_order":0,"comment_status":"closed","ping_status":"closed","template":"","meta":{"_acf_changed":false,"content-type":"","footnotes":""},"class_list":["post-711","page","type-page","status-publish","hentry"],"acf":[],"_links":{"self":[{"href":"https:\/\/ergeagroup.com\/de\/wp-json\/wp\/v2\/pages\/711","targetHints":{"allow":["GET"]}}],"collection":[{"href":"https:\/\/ergeagroup.com\/de\/wp-json\/wp\/v2\/pages"}],"about":[{"href":"https:\/\/ergeagroup.com\/de\/wp-json\/wp\/v2\/types\/page"}],"author":[{"embeddable":true,"href":"https:\/\/ergeagroup.com\/de\/wp-json\/wp\/v2\/users\/1"}],"replies":[{"embeddable":true,"href":"https:\/\/ergeagroup.com\/de\/wp-json\/wp\/v2\/comments?post=711"}],"version-history":[{"count":0,"href":"https:\/\/ergeagroup.com\/de\/wp-json\/wp\/v2\/pages\/711\/revisions"}],"wp:attachment":[{"href":"https:\/\/ergeagroup.com\/de\/wp-json\/wp\/v2\/media?parent=711"}],"curies":[{"name":"wp","href":"https:\/\/api.w.org\/{rel}","templated":true}]}}