{"id":669,"date":"2023-03-29T11:48:04","date_gmt":"2023-03-29T10:48:04","guid":{"rendered":"https:\/\/ergeagroup.com\/it\/carriera\/"},"modified":"2026-04-14T12:32:40","modified_gmt":"2026-04-14T11:32:40","slug":"carriera","status":"publish","type":"page","link":"https:\/\/ergeagroup.com\/it\/it\/carriera\/","title":{"rendered":"Carriere"},"content":{"rendered":"\n\n\t<nav id=\"breadcrumbs\" aria-label=\"Breadcrumbs\"><a href=\"https:\/\/ergeagroup.com\/it\/it\/\">Home<\/a> &gt; Carriere<\/nav>\n\t<h1>Unisciti al nostro team<\/h1>\n\t<p>Se siete pronti ad affrontare nuove sfide e a fare la differenza, mettetevi in contatto con noi. Potete candidarvi per una delle posizioni aperte che trovate di seguito inviando il vostro CV e una lettera di presentazione relativa alla posizione a cui siete interessati. Il nostro team Risorse Umane esaminer\u00e0 ogni candidatura e contatter\u00e0 i candidati idonei per fissare un colloquio.  <\/p>\n<p>Erg\u00e9a \u00e8 un datore di lavoro che rispetta le pari opportunit\u00e0 e incoraggia positivamente le candidature di persone idonee e qualificate, indipendentemente da sesso, etnia, disabilit\u00e0, et\u00e0, orientamento sessuale, identit\u00e0 di genere, religione\/credenze, stato civile, gravidanza o maternit\u00e0.<\/p>\n\t<h2>Posizioni aperte<\/h2>\n\tTutte le posizioni attualmente aperte sono pubblicate sul nostro profilo LinkedIn.\nPer conoscere le opportunit\u00e0 disponibili e candidarsi, visita il seguente link: <a href=\"https:\/\/www.linkedin.com\/company\/medipass\/jobs\/\" target=\"_blank\" rel=\"noopener\"><em><strong>Posizioni aperte<\/strong><\/em><\/a>\n\t<h2>Candidature spontanee<\/h2>\n\t<p>Siamo sempre alla ricerca di persone di talento e motivate che si uniscano a noi. Se non trovi un annuncio di lavoro specifico che corrisponde alle vostre competenze ed esperienze, vi invitiamo a presentare una candidatura spontanea. Inviate il vostro CV e una lettera di presentazione contenente le vostre qualifiche e i motivi per cui siete interessati a lavorare con noi. Conserveremo tra i nostri riferimenti la vostra candidatura e vi prenderemo in considerazione per eventuali future offerte di lavoro che potrebbero essere adatte a voi.   <\/p>\n\t\t\t<a href=\"mailto:job@medipass.it\"  target=\"_self\">\n\t\t\t\t\t\t\tInvia una candidatura spontanea\n\t\t\t<\/a>\n\t<h2>Lavorare in Medipass<\/h2>\n\t<p>In Medipass sosteniamo un ambiente di lavoro positivo e un senso di comunit\u00e0 per garantire il nostro successo, sia del gruppo sia di ciascun componente. Ci impegniamo a promuovere una cultura della collaborazione e a creare un ambiente di lavoro diversificato e inclusivo in cui tutti i dipendenti si sentano apprezzati e rispettati. Crediamo nell&#8217;importanza della diversit\u00e0 di pensiero e di esperienza e cerchiamo di creare un ambiente in cui ognuno possa presentarsi in modo genuino e autentico.  <\/p>\n\t\t\t<a href=\"https:\/\/ergeagroup.com\/uk\/our-commitment\/\"  target=\"_self\">\n\t\t\t\t\t\t\tPer saperne di pi\u00f9 sugli impegni assunti nei confronti dei nostri dipendenti\n\t\t\t<\/a>\n\t\t<ul>\n\t\t\t\t<li>\n\t\t\t\t<p><em>Fin dal primo giorno, l&#8217;ambiente di lavoro in Medipass \u00e8 stato molto stimolante e fondamentale per il mio sviluppo e la mia crescita professionale. Da quando sono entrato in azienda 5 anni fa, ho affrontato opportunit\u00e0 e sfide che hanno plasmato la mia carriera e le mie capacit\u00e0, non solo dal punto di vista tecnico, ma anche personale, aiutandomi a sviluppare svariate competenze trasversali che di certo mi aiuteranno a raggiungere molti obiettivi. Sono orgoglioso di lavorare per un&#8217;azienda che riesce a garantire ai pazienti un&#8217;efficienza, una sicurezza e una qualit\u00e0 dei servizi sanitari cos\u00ec elevate e mi auguro di far parte di questa organizzazione ancora per molto tempo.  <\/em><\/p>\nSandro Spinosa<br \/>\n<strong>Responsabile di progetto e di sede<\/strong><br \/>\nFondazione Policlinico Universitario A. Gemelli IRCCS &#8211; Roma<br \/>\nMedipass S.p.A.\n<img decoding=\"async\" loading=\"false\" src=\"https:\/\/ergeagroup.com\/uk\/wp-content\/uploads\/sites\/2\/2023\/02\/quote-left-solid.png\" alt=\"\" \/>\t\t\t\n\t\t<\/li>\n\t\t\t<li>\n\t\t\t\t<p><em>Medipass mi d\u00e0 la possibilit\u00e0 di lavorare in un ambiente giovanile, dinamico e stimolante, con le migliori tecnologie e opportunit\u00e0 di formazione. Apprezzo la possibilit\u00e0 di crescere professionalmente ogni giorno e sono orgogliosa di far parte di un team collaborativo e altamente professionale, appassionato di ricerca e di attenzione al paziente. <\/em><\/p>\nAlthea Boschetti<br \/>\n<strong>TSRM &#8211; Tecnico di radioterapia<\/strong><br \/>\nOspedale Mater Olbia &#8211; Olbia<br \/>\nMedipass S.p.A.\n<img decoding=\"async\" loading=\"false\" src=\"https:\/\/ergeagroup.com\/uk\/wp-content\/uploads\/sites\/2\/2023\/02\/quote-left-solid.png\" alt=\"\" \/>\t\t\t\n\t\t<\/li>\n\t\t\t<li>\n\t\t\t\t<p><em>Da quando sono entrato a far parte di Medipass 10 anni fa come tecnico di radiologia, ho avuto l&#8217;opportunit\u00e0 di crescere e perfezionare le mie competenze professionali. Oggi collaboro alla ricerca scientifica e all&#8217;innovazione tecnologica in alcune delle applicazioni pi\u00f9 promettenti: Diagnosi di precisione e radiomica, ricostruzione e miglioramento di immagini diagnostiche basate sull&#8217;intelligenza artificiale. La mia carriera \u00e8 in continua evoluzione e ogni giorno imparo qualcosa di nuovo. <\/em><\/p>\nMarco De Summa<br \/>\n<strong>Responsabile dell&#8217;innovazione e della ricerca tecnica<\/strong><br \/>\nTecnica di radiologia<br \/>\nFondazione Policlinico Universitario A. Gemelli IRCCS,<br \/>\nPET-CT, radiofarmacia e laboratorio di ricerca AI<br \/>\nRoma, Italia\n<img decoding=\"async\" loading=\"false\" src=\"https:\/\/ergeagroup.com\/uk\/wp-content\/uploads\/sites\/2\/2023\/02\/quote-left-solid.png\" alt=\"\" \/>\t\t\t\n\t\t<\/li>\n\t\t<\/ul>\n\n","protected":false},"excerpt":{"rendered":"<p>Home &gt; Carriere Unisciti al nostro team Se siete pronti ad affrontare nuove sfide e a fare la differenza, mettetevi in contatto con noi. Potete candidarvi per una delle posizioni aperte che trovate di seguito inviando il vostro CV e una lettera di presentazione relativa alla posizione a cui siete interessati. Il nostro team Risorse&hellip;<\/p>\n","protected":false},"author":1,"featured_media":0,"parent":0,"menu_order":0,"comment_status":"closed","ping_status":"closed","template":"","meta":{"_acf_changed":false,"content-type":"","footnotes":""},"class_list":["post-669","page","type-page","status-publish","hentry"],"acf":[],"_links":{"self":[{"href":"https:\/\/ergeagroup.com\/it\/it\/wp-json\/wp\/v2\/pages\/669","targetHints":{"allow":["GET"]}}],"collection":[{"href":"https:\/\/ergeagroup.com\/it\/it\/wp-json\/wp\/v2\/pages"}],"about":[{"href":"https:\/\/ergeagroup.com\/it\/it\/wp-json\/wp\/v2\/types\/page"}],"author":[{"embeddable":true,"href":"https:\/\/ergeagroup.com\/it\/it\/wp-json\/wp\/v2\/users\/1"}],"replies":[{"embeddable":true,"href":"https:\/\/ergeagroup.com\/it\/it\/wp-json\/wp\/v2\/comments?post=669"}],"version-history":[{"count":0,"href":"https:\/\/ergeagroup.com\/it\/it\/wp-json\/wp\/v2\/pages\/669\/revisions"}],"wp:attachment":[{"href":"https:\/\/ergeagroup.com\/it\/it\/wp-json\/wp\/v2\/media?parent=669"}],"curies":[{"name":"wp","href":"https:\/\/api.w.org\/{rel}","templated":true}]}}